{"id":3455,"date":"2023-07-21T10:53:15","date_gmt":"2023-07-21T08:53:15","guid":{"rendered":"https:\/\/ateliermira.fr\/?page_id=3455"},"modified":"2026-03-17T14:40:28","modified_gmt":"2026-03-17T13:40:28","slug":"a-propos-de-latelier","status":"publish","type":"page","link":"https:\/\/ateliermira.fr\/index.php\/a-propos-de-latelier\/","title":{"rendered":"A propos de l&rsquo;atelier"},"content":{"rendered":"\n<div class=\"wp-container-7 wp-block-columns\">\n<div class=\"wp-container-3 wp-block-column\" style=\"flex-basis:66.66%\">\n<div class=\"wp-container-2 wp-block-columns\">\n<div class=\"wp-container-1 wp-block-column\" style=\"flex-basis:100%\">\n<p><\/p>\n\n\n\n<p><\/p>\n\n\n\n<p><\/p>\n\n\n\n<p class=\"has-medium-font-size\">&#8230;&#8230;&#8230;.<\/p>\n\n\n\n<p class=\"has-medium-font-size\"><strong>Bas\u00e9 \u00e0 Marseille, l&rsquo;atelier MIRA, soci\u00e9t\u00e9 coop\u00e9rative et participative, intervient aussi bien dans le domaine du paysage que de l&rsquo;architecture.<\/strong><\/p>\n\n\n\n<p><\/p>\n\n\n\n<h5>&#8230;&#8230;&#8230;..<\/h5>\n\n\n\n<p><\/p>\n\n\n\n<h5><strong>Nous travaillons dans une attention particuli\u00e8re au lieu, aux dynamiques naturelles, sociales, historiques qui l\u2019animent. Nous essayons ainsi de tisser le projet \u00e0 partir des ressources pr\u00e9alablement existantes. C\u2019est une mani\u00e8re d\u2019inscrire l\u2019\u00e9conomie, l\u2019\u00e9cologie, les \u00e9cosyst\u00e8mes du lieu comme fondements au travail. Si la recherche d\u2019une simplicit\u00e9 nous semble essentielle, nous pensons qu\u2019il est de notre ressort de d\u00e9velopper une histoire, un imaginaire de projet qui puisse emmener l\u2019usager, l\u2019habitant, le passant au del\u00e0 du simple usage, et r\u00e9-enchanter un lieu.<\/strong><\/h5>\n\n\n\n<p><\/p>\n\n\n\n<p>&#8230;&#8230;&#8230;..<\/p>\n\n\n\n<p><\/p>\n\n\n\n<h5><strong>Notre exp\u00e9rience dans les march\u00e9s publics nous permet de d\u00e9velopper un savoir-faire dans les suivis de chantier. Les qualit\u00e9s des mat\u00e9riaux, leur provenance et leur mise en \u0153uvre nous importent particuli\u00e8rement. Mais nous consid\u00e9rons qu\u2019un projet r\u00e9ussi, tant en phase de conception qu\u2019en ex\u00e9cution, repose avant tout sur de bons rapports humains, que ce soit avec les usagers d\u2019un lieu, la ma\u00eetrise d\u2019ouvrage ou les entreprises.<\/strong><\/h5>\n<\/div>\n<\/div>\n<\/div>\n\n\n\n<div class=\"wp-container-6 wp-block-column\" style=\"flex-basis:33.33%\">\n<figure class=\"wp-container-5 wp-block-gallery-4 wp-block-gallery has-nested-images columns-default is-cropped\">\n<figure class=\"wp-block-image size-large\"><img loading=\"lazy\" width=\"756\" height=\"1200\" src=\"https:\/\/ateliermira.fr\/wp-content\/uploads\/2026\/03\/03-shoes-copie-756x1200.jpg\" alt=\"\" class=\"wp-image-3652\" srcset=\"https:\/\/ateliermira.fr\/wp-content\/uploads\/2026\/03\/03-shoes-copie-756x1200.jpg 756w, https:\/\/ateliermira.fr\/wp-content\/uploads\/2026\/03\/03-shoes-copie-189x300.jpg 189w, https:\/\/ateliermira.fr\/wp-content\/uploads\/2026\/03\/03-shoes-copie-768x1220.jpg 768w, https:\/\/ateliermira.fr\/wp-content\/uploads\/2026\/03\/03-shoes-copie-967x1536.jpg 967w, https:\/\/ateliermira.fr\/wp-content\/uploads\/2026\/03\/03-shoes-copie.jpg 1224w\" sizes=\"(max-width: 756px) 100vw, 756px\" \/><\/figure>\n<\/figure>\n<\/div>\n<\/div>\n\n\n\n<figure class=\"wp-block-image size-full\"><img loading=\"lazy\" width=\"1188\" height=\"634\" src=\"https:\/\/ateliermira.fr\/wp-content\/uploads\/2026\/03\/EQUIPE-MIRA-copie-1.jpg\" alt=\"\" class=\"wp-image-3576\" srcset=\"https:\/\/ateliermira.fr\/wp-content\/uploads\/2026\/03\/EQUIPE-MIRA-copie-1.jpg 1188w, https:\/\/ateliermira.fr\/wp-content\/uploads\/2026\/03\/EQUIPE-MIRA-copie-1-300x160.jpg 300w, https:\/\/ateliermira.fr\/wp-content\/uploads\/2026\/03\/EQUIPE-MIRA-copie-1-768x410.jpg 768w\" sizes=\"(max-width: 1188px) 100vw, 1188px\" \/><\/figure>\n\n\n\n<h5>&#8230;&#8230;&#8230;<\/h5>\n\n\n\n<h5>S\u00e9bastien Dupouy architecte, Christophe Monge architecte, Jean Tabouret architecte, Laure L\u00e9toublon paysagiste, Margaux Girerd paysagiste, Gilles Zamo paysagiste, \u00c9l\u00e9onore Satger paysagiste<\/h5>\n","protected":false},"excerpt":{"rendered":"&#8230;&#8230;&#8230;. Bas\u00e9 \u00e0 Marseille, l&rsquo;atelier MIRA, soci\u00e9t\u00e9 coop\u00e9rative et participative, intervient aussi bien dans le domaine du paysage que de l&rsquo;architecture. &#8230;&#8230;&#8230;.. Nous travaillons dans une attention particuli\u00e8re au lieu,","protected":false},"author":1,"featured_media":0,"parent":0,"menu_order":0,"comment_status":"closed","ping_status":"closed","template":"","meta":[],"_links":{"self":[{"href":"https:\/\/ateliermira.fr\/index.php\/wp-json\/wp\/v2\/pages\/3455"}],"collection":[{"href":"https:\/\/ateliermira.fr\/index.php\/wp-json\/wp\/v2\/pages"}],"about":[{"href":"https:\/\/ateliermira.fr\/index.php\/wp-json\/wp\/v2\/types\/page"}],"author":[{"embeddable":true,"href":"https:\/\/ateliermira.fr\/index.php\/wp-json\/wp\/v2\/users\/1"}],"replies":[{"embeddable":true,"href":"https:\/\/ateliermira.fr\/index.php\/wp-json\/wp\/v2\/comments?post=3455"}],"version-history":[{"count":37,"href":"https:\/\/ateliermira.fr\/index.php\/wp-json\/wp\/v2\/pages\/3455\/revisions"}],"predecessor-version":[{"id":3654,"href":"https:\/\/ateliermira.fr\/index.php\/wp-json\/wp\/v2\/pages\/3455\/revisions\/3654"}],"wp:attachment":[{"href":"https:\/\/ateliermira.fr\/index.php\/wp-json\/wp\/v2\/media?parent=3455"}],"curies":[{"name":"wp","href":"https:\/\/api.w.org\/{rel}","templated":true}]}}