{"id":1762,"date":"2018-06-06T16:42:31","date_gmt":"2018-06-06T14:42:31","guid":{"rendered":"https:\/\/ateliermira.fr\/?page_id=1762"},"modified":"2023-07-24T14:13:19","modified_gmt":"2023-07-24T12:13:19","slug":"publications","status":"publish","type":"page","link":"https:\/\/ateliermira.fr\/index.php\/publications\/","title":{"rendered":"Publications"},"content":{"rendered":"<p>[vc_row overlay_dotted=\u00a0\u00bb\u00a0\u00bb el_class=\u00a0\u00bbelstn-services\u00a0\u00bb css=\u00a0\u00bb.vc_custom_1552574434108{background-color: #ffffff !important;}\u00a0\u00bb][vc_column css=\u00a0\u00bb.vc_custom_1552574364155{background-color: #ffffff !important;}\u00a0\u00bb][vc_row_inner equal_height=\u00a0\u00bbyes\u00a0\u00bb content_placement=\u00a0\u00bbmiddle\u00a0\u00bb][vc_column_inner width=\u00a0\u00bb1\/2&Prime; css=\u00a0\u00bb.vc_custom_1552574412291{background-color: #ffffff !important;}\u00a0\u00bb]<\/p>\n<p>[vc_single_image image=\u00a0\u00bb3471&Prime; img_size=\u00a0\u00bb905&#215;1280&Prime; alignment=\u00a0\u00bbcenter\u00a0\u00bb onclick=\u00a0\u00bbzoom\u00a0\u00bb][\/vc_column_inner][vc_column_inner width=\u00a0\u00bb1\/2&Prime; css=\u00a0\u00bb.vc_custom_1552574394935{background-color: #ffffff !important;}\u00a0\u00bb]            <div class=\"service-info \">\n        <i class=\"et-icon fa fa-folder-open-o\"><\/i>\n        <h4>AMC D\u00e9cembre 2022<\/h4>\n        <p style=\"line-height:1.7;\">Publication du projet de la Pointe Rouge \u00e0 l&rsquo;occasion de la sortie du num\u00e9ro de janvier : \u00ab\u00a0une ann\u00e9e d&rsquo;architecture en France 2022\u00a0\u00bb<\/p>\n<p><\/p>\n      <\/div>\n          [\/vc_column_inner][\/vc_row_inner][vc_row_inner equal_height=\u00a0\u00bbyes\u00a0\u00bb content_placement=\u00a0\u00bbmiddle\u00a0\u00bb][vc_column_inner width=\u00a0\u00bb1\/2&Prime;]<\/p>\n<p>[vc_single_image image=\u00a0\u00bb1927&Prime; img_size=\u00a0\u00bb585&#215;1000&Prime; alignment=\u00a0\u00bbcenter\u00a0\u00bb onclick=\u00a0\u00bbzoom\u00a0\u00bb][\/vc_column_inner][vc_column_inner width=\u00a0\u00bb1\/2&Prime; css=\u00a0\u00bb.vc_custom_1552574394935{background-color: #ffffff !important;}\u00a0\u00bb]            <div class=\"service-info \">\n        <i class=\"et-icon fa fa-folder-open-o\"><\/i>\n        <h4>AMC Janvier 2018<\/h4>\n        <p style=\"line-height:1.7;\">Publication du projet MI-mAbs \u00e0 l&rsquo;occasion de la sortie du num\u00e9ro de janvier : \u00ab\u00a0une ann\u00e9e d&rsquo;architecture en France 2017\u00a0\u00bb<\/p>\n<p><\/p>\n      <\/div>\n          [\/vc_column_inner][\/vc_row_inner][vc_row_inner equal_height=\u00a0\u00bbyes\u00a0\u00bb content_placement=\u00a0\u00bbmiddle\u00a0\u00bb][vc_column_inner width=\u00a0\u00bb1\/2&Prime;]<\/p>\n<div class=\"service-info \">\n        <i class=\"et-icon fa fa-folder-open-o\"><\/i>\n        <h4>La Provence du 28 mai 2018<\/h4>\n        <p style=\"line-height:1.7;\">Article r\u00e9alis\u00e9 lors de l&rsquo;inauguration de la v\u00e9g\u00e9talisation de la rue Venture, en pr\u00e9sence de Mme Bernasconi, maire du 1er-7\u00e8me arrondissements de Marseille, ainsi que les commer\u00e7ants et habitants de la rue. Le projet est port\u00e9 par \u00ab\u00a0Marseille Centre\u00a0\u00bb et l&rsquo;association de la \u00ab\u00a0Rue Venture\u00a0\u00bb<\/p>\n<p><\/p>\n      <\/div>\n          [\/vc_column_inner][vc_column_inner width=\u00a0\u00bb1\/2&Prime;][vc_single_image image=\u00a0\u00bb1929&Prime; img_size=\u00a0\u00bb585&#215;585&Prime; alignment=\u00a0\u00bbcenter\u00a0\u00bb onclick=\u00a0\u00bbzoom\u00a0\u00bb][\/vc_column_inner][\/vc_row_inner][vc_row_inner equal_height=\u00a0\u00bbyes\u00a0\u00bb content_placement=\u00a0\u00bbmiddle\u00a0\u00bb el_class=\u00a0\u00bbcontainer service-item\u00a0\u00bb][vc_column_inner width=\u00a0\u00bb1\/2&Prime;][vc_single_image image=\u00a0\u00bb1933&Prime; img_size=\u00a0\u00bb585&#215;320&Prime; alignment=\u00a0\u00bbcenter\u00a0\u00bb onclick=\u00a0\u00bbzoom\u00a0\u00bb][\/vc_column_inner][vc_column_inner width=\u00a0\u00bb1\/2&Prime;]            <div class=\"service-info \">\n        <i class=\"et-icon fa fa-briefcase\"><\/i>\n        <h4>Mission interminist\u00e9rielle pour le projet m\u00e9tropolitain<\/h4>\n        <p style=\"line-height:1.7;\">Participation au carnet de pr\u00e9sentation de la mission minist\u00e9rielle, en collaboration avec l&rsquo;Ecole Nationale Sup\u00e9rieure de Paysage de Versailles-Marseille, l&rsquo;Ecole Nationale Sup\u00e9rieure d&rsquo;Architecture de Marseille-Luminy et l&rsquo;Institut d&rsquo;Urbanisme et d&rsquo;Am\u00e9nagement R\u00e9gional.<\/p>\n      <\/div>\n          [\/vc_column_inner][\/vc_row_inner][\/vc_column][\/vc_row]<\/p>\n","protected":false},"excerpt":{"rendered":"[vc_row overlay_dotted=\u00a0\u00bb\u00a0\u00bb el_class=\u00a0\u00bbelstn-services\u00a0\u00bb css=\u00a0\u00bb.vc_custom_1552574434108{background-color: #ffffff !important;}\u00a0\u00bb][vc_column css=\u00a0\u00bb.vc_custom_1552574364155{background-color: #ffffff !important;}\u00a0\u00bb][vc_row_inner equal_height=\u00a0\u00bbyes\u00a0\u00bb content_placement=\u00a0\u00bbmiddle\u00a0\u00bb][vc_column_inner width=\u00a0\u00bb1\/2&Prime; css=\u00a0\u00bb.vc_custom_1552574412291{background-color: #ffffff !important;}\u00a0\u00bb] [vc_single_image image=\u00a0\u00bb3471&Prime; img_size=\u00a0\u00bb905&#215;1280&Prime; alignment=\u00a0\u00bbcenter\u00a0\u00bb onclick=\u00a0\u00bbzoom\u00a0\u00bb][\/vc_column_inner][vc_column_inner width=\u00a0\u00bb1\/2&Prime; css=\u00a0\u00bb.vc_custom_1552574394935{background-color: #ffffff !important;}\u00a0\u00bb][\/vc_column_inner][\/vc_row_inner][vc_row_inner equal_height=\u00a0\u00bbyes\u00a0\u00bb content_placement=\u00a0\u00bbmiddle\u00a0\u00bb][vc_column_inner width=\u00a0\u00bb1\/2&Prime;] [vc_single_image image=\u00a0\u00bb1927&Prime; img_size=\u00a0\u00bb585&#215;1000&Prime;","protected":false},"author":1,"featured_media":0,"parent":0,"menu_order":0,"comment_status":"closed","ping_status":"closed","template":"","meta":[],"_links":{"self":[{"href":"https:\/\/ateliermira.fr\/index.php\/wp-json\/wp\/v2\/pages\/1762"}],"collection":[{"href":"https:\/\/ateliermira.fr\/index.php\/wp-json\/wp\/v2\/pages"}],"about":[{"href":"https:\/\/ateliermira.fr\/index.php\/wp-json\/wp\/v2\/types\/page"}],"author":[{"embeddable":true,"href":"https:\/\/ateliermira.fr\/index.php\/wp-json\/wp\/v2\/users\/1"}],"replies":[{"embeddable":true,"href":"https:\/\/ateliermira.fr\/index.php\/wp-json\/wp\/v2\/comments?post=1762"}],"version-history":[{"count":20,"href":"https:\/\/ateliermira.fr\/index.php\/wp-json\/wp\/v2\/pages\/1762\/revisions"}],"predecessor-version":[{"id":3481,"href":"https:\/\/ateliermira.fr\/index.php\/wp-json\/wp\/v2\/pages\/1762\/revisions\/3481"}],"wp:attachment":[{"href":"https:\/\/ateliermira.fr\/index.php\/wp-json\/wp\/v2\/media?parent=1762"}],"curies":[{"name":"wp","href":"https:\/\/api.w.org\/{rel}","templated":true}]}}